{"id":26,"date":"2017-11-08T22:11:18","date_gmt":"2017-11-08T22:11:18","guid":{"rendered":"http:\/\/www.ee.uconn.edu\/necmi-biyikli\/?page_id=26"},"modified":"2017-12-05T04:07:05","modified_gmt":"2017-12-05T04:07:05","slug":"patents","status":"publish","type":"page","link":"https:\/\/www.ee.uconn.edu\/necmi-biyikli\/publications\/patents\/","title":{"rendered":"Patents"},"content":{"rendered":"<p>4) A. K. Okyay, N. B\u0131y\u0131kl\u0131, K. Topall\u0131, A. Haider, M. Yilmaz, P. Deminskyi, H. Eren, \u201cA Method For Area Selective Atomic Layer Deposition and Thereof\u201d, <u>Republic of Turkey Patent Institute<\/u>, 2016\/13505.<\/p>\n<p>3) A. K. Okyay, N. B\u0131y\u0131kl\u0131, K. Topall\u0131, Talha Khan, A. Haider, P. Deminskyi, H. Eren, M. Yilmaz, \u201cA Method For Area Selective Atomic Layer Deposition and Thereof\u201d, <u>Republic of Turkey Patent Institute<\/u>, 2016\/08790.<\/p>\n<p>2) A. K. Okyay, N. B\u0131y\u0131kl\u0131, K. Topall\u0131, \u201cAtomic Layer Deposition (ALD) Apparatus\u201d, <u>Republic of Turkey Patent Institute<\/u>, 2016\/03321.<\/p>\n<p>1) A. K. Okyay, N. B\u0131y\u0131kl\u0131, K. Topall\u0131, \u201cA Method To Produce Nanoparticles With Lasers and Thereof\u201d, Republic of Turkey Patent Institute, 2016\/04252.<\/p>\n","protected":false},"excerpt":{"rendered":"<p>4) A. K. Okyay, N. B\u0131y\u0131kl\u0131, K. Topall\u0131, A. Haider, M. Yilmaz, P. Deminskyi, H. Eren, \u201cA Method For Area Selective Atomic Layer Deposition and Thereof\u201d, Republic of Turkey Patent Institute, 2016\/13505. 3) A. K. Okyay, N. B\u0131y\u0131kl\u0131, K. Topall\u0131, Talha Khan, A. Haider, P. Deminskyi, H. Eren, M. Yilmaz, \u201cA Method For Area Selective [&hellip;]<\/p>\n","protected":false},"author":65,"featured_media":0,"parent":18,"menu_order":0,"comment_status":"closed","ping_status":"closed","template":"","meta":{"footnotes":""},"class_list":["post-26","page","type-page","status-publish","hentry"],"_links":{"self":[{"href":"https:\/\/www.ee.uconn.edu\/necmi-biyikli\/wp-json\/wp\/v2\/pages\/26","targetHints":{"allow":["GET"]}}],"collection":[{"href":"https:\/\/www.ee.uconn.edu\/necmi-biyikli\/wp-json\/wp\/v2\/pages"}],"about":[{"href":"https:\/\/www.ee.uconn.edu\/necmi-biyikli\/wp-json\/wp\/v2\/types\/page"}],"author":[{"embeddable":true,"href":"https:\/\/www.ee.uconn.edu\/necmi-biyikli\/wp-json\/wp\/v2\/users\/65"}],"replies":[{"embeddable":true,"href":"https:\/\/www.ee.uconn.edu\/necmi-biyikli\/wp-json\/wp\/v2\/comments?post=26"}],"version-history":[{"count":2,"href":"https:\/\/www.ee.uconn.edu\/necmi-biyikli\/wp-json\/wp\/v2\/pages\/26\/revisions"}],"predecessor-version":[{"id":63,"href":"https:\/\/www.ee.uconn.edu\/necmi-biyikli\/wp-json\/wp\/v2\/pages\/26\/revisions\/63"}],"up":[{"embeddable":true,"href":"https:\/\/www.ee.uconn.edu\/necmi-biyikli\/wp-json\/wp\/v2\/pages\/18"}],"wp:attachment":[{"href":"https:\/\/www.ee.uconn.edu\/necmi-biyikli\/wp-json\/wp\/v2\/media?parent=26"}],"curies":[{"name":"wp","href":"https:\/\/api.w.org\/{rel}","templated":true}]}}